{"id":104,"date":"2020-08-25T10:44:49","date_gmt":"2020-08-25T15:44:49","guid":{"rendered":"http:\/\/localhost\/blogwebgenesis\/?page_id=104"},"modified":"2020-09-21T11:24:35","modified_gmt":"2020-09-21T16:24:35","slug":"presentacion-de-blog-de-genesis","status":"publish","type":"page","link":"http:\/\/sistemasgenesis.com.ec\/blogwebgenesis\/","title":{"rendered":"Presentaci\u00f3n de Blog de G\u00e9nesis"},"content":{"rendered":"<p><a href=\"https:\/\/sistemasgenesis.com.ec\/\"><br>\n\t\t\t\t\t\t\t<img width=\"640\" height=\"360\" src=\"http:\/\/181.198.196.143\/blogwebgenesis\/wp-content\/uploads\/2020\/08\/img3.png\" alt=\"\" loading=\"lazy\" srcset=\"http:\/\/181.198.196.143\/blogwebgenesis\/wp-content\/uploads\/2020\/08\/img3.png 800w, http:\/\/181.198.196.143\/blogwebgenesis\/wp-content\/uploads\/2020\/08\/img3-300x169.png 300w, http:\/\/181.198.196.143\/blogwebgenesis\/wp-content\/uploads\/2020\/08\/img3-768x432.png 768w\" sizes=\"(max-width: 640px) 100vw, 640px\">\t\t\t\t\t\t\t\t<\/a><\/p>\n\n\n<p>Somos G\u00e9nesis una empresa dedicada al desarrollo de software en la ciudad de Portoviejo Manab\u00ed Ecuador, en este blog estaremos brindando informaci\u00f3n \u00fatil relacionada con el mundo empresarial y econ\u00f3mico abordando temas que pueden ser de importancia para empresarios como para asesores contables<\/p>\n\n\n<p><iframe title=\"EMPRESA SISTEMAS GENESIS\" width=\"640\" height=\"360\" src=\"https:\/\/www.youtube.com\/embed\/f1GB--16Ko8?feature=oembed\" frameborder=\"0\" allow=\"accelerometer; autoplay; clipboard-write; encrypted-media; gyroscope; picture-in-picture\" allowfullscreen><\/iframe>\t\t<\/p>\n<h2>Conoce un poco mas de nuestra empresa.<\/h2>\n<p>\t\t\t\t\t\t\t\t\t\t\t<a href=\"https:\/\/sistemasgenesis.com.ec\/productos\/appMovil\/\" target=\"_blank\" rel=\"noopener noreferrer\"><br>\n\t\t\t\t\t\t\t<img src=\"http:\/\/181.198.196.143\/blogwebgenesis\/wp-content\/uploads\/2020\/08\/APP-MOVILES.png\" title=\"APP MOVILES\" alt=\"APP MOVILES\">\t\t\t\t\t\t\t\t<\/a><br>\n\t\t\t\t\t\t\t\t\t\t\t<a href=\"https:\/\/sistemasgenesis.com.ec\/productos\/genesisWeb\/\"><br>\n\t\t\t\t\t\t\t<img width=\"640\" height=\"469\" src=\"http:\/\/181.198.196.143\/blogwebgenesis\/wp-content\/uploads\/2020\/08\/SISTEMAS-QUE-FACILITAN.png\" alt=\"\" loading=\"lazy\" srcset=\"http:\/\/181.198.196.143\/blogwebgenesis\/wp-content\/uploads\/2020\/08\/SISTEMAS-QUE-FACILITAN.png 750w, http:\/\/181.198.196.143\/blogwebgenesis\/wp-content\/uploads\/2020\/08\/SISTEMAS-QUE-FACILITAN-300x220.png 300w\" sizes=\"(max-width: 640px) 100vw, 640px\">\t\t\t\t\t\t\t\t<\/a><br>\n\t\t\t\t\t\t\t\t\t\t\t<a href=\"https:\/\/sistemasgenesis.com.ec\/ofertas\/\"><br>\n\t\t\t\t\t\t\t<img width=\"640\" height=\"400\" src=\"http:\/\/181.198.196.143\/blogwebgenesis\/wp-content\/uploads\/2020\/08\/INVENTARIO-FACTURACION-ELECTRONICA-Y-MAS.png\" alt=\"\" loading=\"lazy\" srcset=\"http:\/\/181.198.196.143\/blogwebgenesis\/wp-content\/uploads\/2020\/08\/INVENTARIO-FACTURACION-ELECTRONICA-Y-MAS.png 800w, http:\/\/181.198.196.143\/blogwebgenesis\/wp-content\/uploads\/2020\/08\/INVENTARIO-FACTURACION-ELECTRONICA-Y-MAS-300x188.png 300w, http:\/\/181.198.196.143\/blogwebgenesis\/wp-content\/uploads\/2020\/08\/INVENTARIO-FACTURACION-ELECTRONICA-Y-MAS-768x480.png 768w\" sizes=\"(max-width: 640px) 100vw, 640px\">\t\t\t\t\t\t\t\t<\/a><\/p>","protected":false},"excerpt":{"rendered":"<p>Somos G\u00e9nesis una empresa dedicada al desarrollo de software en la ciudad de Portoviejo Manab\u00ed Ecuador, en este blog estaremos brindando informaci\u00f3n \u00fatil relacionada con el mundo empresarial y econ\u00f3mico abordando temas que pueden ser de importancia para empresarios como para asesores contables Conoce un poco mas de nuestra empresa.<\/p>\n","protected":false},"author":1,"featured_media":0,"parent":0,"menu_order":0,"comment_status":"closed","ping_status":"closed","template":"","meta":[],"yoast_head":"<!-- This site is optimized with the Yoast SEO plugin v14.9 - https:\/\/yoast.com\/wordpress\/plugins\/seo\/ -->\r\n<title>Presentaci\u00f3n de Blog de G\u00e9nesis - Genesis Blog<\/title>\r\n<meta name=\"robots\" content=\"index, follow, max-snippet:-1, max-image-preview:large, max-video-preview:-1\" \/>\r\n<link rel=\"canonical\" href=\"http:\/\/sistemasgenesis.com.ec\/blogwebgenesis\/\" \/>\r\n<meta property=\"og:locale\" content=\"es_ES\" \/>\r\n<meta property=\"og:type\" content=\"article\" \/>\r\n<meta property=\"og:title\" content=\"BLOG DE NOTICIAS CONTABLES Y EMPRESARIALES\" \/>\r\n<meta property=\"og:description\" content=\"Conoce las noticias contables mas actuales , noticias empresariales consejos y mucho mas\" \/>\r\n<meta property=\"og:url\" content=\"http:\/\/sistemasgenesis.com.ec\/blogwebgenesis\/\" \/>\r\n<meta property=\"og:site_name\" content=\"Genesis Blog\" \/>\r\n<meta property=\"article:modified_time\" content=\"2020-09-21T16:24:35+00:00\" \/>\r\n<meta property=\"og:image\" content=\"http:\/\/sistemasgenesis.com.ec\/blogwebgenesis\/wp-content\/uploads\/2020\/09\/blog-de-noticias.png\" \/>\r\n\t<meta property=\"og:image:width\" content=\"1280\" \/>\r\n\t<meta property=\"og:image:height\" content=\"720\" \/>\r\n<meta name=\"twitter:card\" content=\"summary_large_image\" \/>\r\n<script type=\"application\/ld+json\" class=\"yoast-schema-graph\">{\"@context\":\"https:\/\/schema.org\",\"@graph\":[{\"@type\":\"WebSite\",\"@id\":\"http:\/\/sistemasgenesis.com.ec\/blogwebgenesis\/#website\",\"url\":\"http:\/\/sistemasgenesis.com.ec\/blogwebgenesis\/\",\"name\":\"Genesis Blog\",\"description\":\"Informaci\\u00f3n contable y empresarial\",\"potentialAction\":[{\"@type\":\"SearchAction\",\"target\":\"http:\/\/sistemasgenesis.com.ec\/blogwebgenesis\/?s={search_term_string}\",\"query-input\":\"required name=search_term_string\"}],\"inLanguage\":\"es\"},{\"@type\":\"ImageObject\",\"@id\":\"http:\/\/sistemasgenesis.com.ec\/blogwebgenesis\/#primaryimage\",\"inLanguage\":\"es\",\"url\":\"http:\/\/181.198.196.143\/blogwebgenesis\/wp-content\/uploads\/2020\/08\/img3.png\"},{\"@type\":\"WebPage\",\"@id\":\"http:\/\/sistemasgenesis.com.ec\/blogwebgenesis\/#webpage\",\"url\":\"http:\/\/sistemasgenesis.com.ec\/blogwebgenesis\/\",\"name\":\"Presentaci\\u00f3n de Blog de G\\u00e9nesis - Genesis Blog\",\"isPartOf\":{\"@id\":\"http:\/\/sistemasgenesis.com.ec\/blogwebgenesis\/#website\"},\"primaryImageOfPage\":{\"@id\":\"http:\/\/sistemasgenesis.com.ec\/blogwebgenesis\/#primaryimage\"},\"datePublished\":\"2020-08-25T15:44:49+00:00\",\"dateModified\":\"2020-09-21T16:24:35+00:00\",\"inLanguage\":\"es\",\"potentialAction\":[{\"@type\":\"ReadAction\",\"target\":[\"http:\/\/sistemasgenesis.com.ec\/blogwebgenesis\/\"]}]}]}<\/script>\r\n<!-- \/ Yoast SEO plugin. -->","_links":{"self":[{"href":"http:\/\/sistemasgenesis.com.ec\/blogwebgenesis\/wp-json\/wp\/v2\/pages\/104"}],"collection":[{"href":"http:\/\/sistemasgenesis.com.ec\/blogwebgenesis\/wp-json\/wp\/v2\/pages"}],"about":[{"href":"http:\/\/sistemasgenesis.com.ec\/blogwebgenesis\/wp-json\/wp\/v2\/types\/page"}],"author":[{"embeddable":true,"href":"http:\/\/sistemasgenesis.com.ec\/blogwebgenesis\/wp-json\/wp\/v2\/users\/1"}],"replies":[{"embeddable":true,"href":"http:\/\/sistemasgenesis.com.ec\/blogwebgenesis\/wp-json\/wp\/v2\/comments?post=104"}],"version-history":[{"count":17,"href":"http:\/\/sistemasgenesis.com.ec\/blogwebgenesis\/wp-json\/wp\/v2\/pages\/104\/revisions"}],"predecessor-version":[{"id":453,"href":"http:\/\/sistemasgenesis.com.ec\/blogwebgenesis\/wp-json\/wp\/v2\/pages\/104\/revisions\/453"}],"wp:attachment":[{"href":"http:\/\/sistemasgenesis.com.ec\/blogwebgenesis\/wp-json\/wp\/v2\/media?parent=104"}],"curies":[{"name":"wp","href":"https:\/\/api.w.org\/{rel}","templated":true}]}}